{"id":439,"date":"2024-07-29T19:52:23","date_gmt":"2024-07-29T19:52:23","guid":{"rendered":"https:\/\/shoals-prod.planitstage.com\/?page_id=439"},"modified":"2025-06-18T16:23:37","modified_gmt":"2025-06-18T16:23:37","slug":"sostenibilidad","status":"publish","type":"page","link":"https:\/\/shoals.com\/es\/impacto\/sostenibilidad\/","title":{"rendered":"Sostenibilidad"},"content":{"rendered":"\n<div class=\"wp-block-group has-global-padding is-layout-constrained wp-container-core-group-is-layout-93b1dc61 wp-block-group-is-layout-constrained\" style=\"padding-right:var(--wp--preset--spacing--0-30);padding-left:var(--wp--preset--spacing--0-30)\">\n<div class=\"wp-block-group has-global-padding is-layout-constrained wp-container-core-group-is-layout-f1777d98 wp-block-group-is-layout-constrained\" style=\"padding-top:var(--wp--preset--spacing--50-100);padding-right:var(--wp--preset--spacing--25-50);padding-bottom:var(--wp--preset--spacing--25-50);padding-left:var(--wp--preset--spacing--25-50)\">\n<h1 class=\"wp-block-heading\">Sostenibilidad y ESG<\/h1>\n\n\n\n<p class=\"has-lg-font-size\">Fundada en Alabama hace 29 a\u00f1os, Shoals ha pasado de ser un fabricante de piezas de automoci\u00f3n a convertirse en el mayor proveedor mundial de soluciones de equilibrio el\u00e9ctrico de sistemas (EBOS) para la industria fotovoltaica y de almacenamiento. Impulsamos la transici\u00f3n hacia energ\u00edas limpias con soluciones Plug&nbsp;&amp;&nbsp;Play patentadas que permiten reducir costes, acelerar la puesta en marcha de instalaciones y disminuir las emisiones, ofreciendo un aire m\u00e1s limpio, comunidades m\u00e1s sanas, empleos locales y energ\u00eda fiable. Trabajamos incansablemente para reforzar nuestro programa ESG con una mejor gobernanza, estrategias basadas en datos y una comunicaci\u00f3n transparente a fin de impulsar el progreso de la sostenibilidad y hacer que nuestras soluciones sean a\u00fan m\u00e1s competitivas.<\/p>\n\n\n\n<p class=\"\"><\/p>\n\n\n\n<div class=\"wp-block-buttons is-layout-flex wp-block-buttons-is-layout-flex\">\n<div class=\"wp-block-button\"><a class=\"wp-block-button__link wp-element-button\" href=\"\/es\/wp-content\/uploads\/sites\/4\/2024\/11\/Shoals_ESG_2023_Report_FINAL.pdf\" target=\"_blank\" rel=\"noreferrer noopener\"><span class=\"wp-block-button__label\">Consulta nuestro \u00faltimo informe de ESG<\/span><\/a><\/div>\n<\/div>\n<div class='is-line-support is-line-support__topLeftUp'><\/div><div class='is-line-support is-line-support__bottomHorizontal'><\/div><div class='is-line-support is-line-support__bottomLeftUp'><\/div><div class='is-line-support is-line-support__leftVerticalTopFaded'><\/div><\/div><\/div>\n\n\n\n<div class=\"wp-block-group has-global-padding is-layout-constrained wp-container-core-group-is-layout-aefcf988 wp-block-group-is-layout-constrained\" style=\"margin-top:0;margin-bottom:0;padding-top:0;padding-right:var(--wp--preset--spacing--0-30);padding-bottom:0;padding-left:var(--wp--preset--spacing--0-30)\">\n<div class=\"wp-block-group has-global-padding is-layout-constrained wp-block-group-is-layout-constrained\" style=\"margin-top:0;margin-bottom:0;padding-bottom:var(--wp--preset--spacing--75-150)\">\n<div class=\"wp-block-basejump-flex-columns bj-container1 has-global-padding is-layout-flexcolumns is-layout-flex wp-container-basejump-flex-columns-is-layout-0c7df592 wp-block-basejump-flex-columns-is-layout-flex\" style=\"margin-top:0;margin-bottom:0;padding-top:var(--wp--preset--spacing--30-60);padding-bottom:0\">\n<div class=\"wp-block-group is-vertical is-content-justification-center is-layout-flex wp-container-core-group-is-layout-6329a8f3 wp-block-group-is-layout-flex\">\n<div class=\"wp-block-group wp-container-content-9cfa9a5a has-global-padding is-layout-constrained wp-container-core-group-is-layout-c19476fc wp-block-group-is-layout-constrained\">\n<h2 class=\"wp-block-heading has-text-align-center has-statistic-font-size\" style=\"line-height:1\">~<strong>100%<\/strong><\/h2>\n\n\n\n<p class=\"has-text-align-center has-lg-font-size\" style=\"margin-top:var(--wp--preset--spacing--20);text-transform:uppercase\"><strong>Desechos met\u00e1licos<\/strong><\/p>\n\n\n\n<p class=\"has-text-align-center\">reciclados en 2023<\/p>\n<\/div>\n\n\n\n<div class=\"wp-block-buttons is-content-justification-center is-layout-flex wp-container-core-buttons-is-layout-8b9bbb05 wp-block-buttons-is-layout-flex\" style=\"margin-top:var(--wp--preset--spacing--15-30)\"><\/div>\n<\/div>\n\n\n\n<div class=\"wp-block-group is-vertical is-content-justification-center is-layout-flex wp-container-core-group-is-layout-6329a8f3 wp-block-group-is-layout-flex\">\n<div class=\"wp-block-group wp-container-content-9cfa9a5a has-global-padding is-layout-constrained wp-container-core-group-is-layout-c19476fc wp-block-group-is-layout-constrained\">\n<h2 class=\"wp-block-heading has-text-align-center has-statistic-font-size\" style=\"line-height:1\"><strong>10<\/strong><\/h2>\n\n\n\n<p class=\"has-text-align-center has-lg-font-size\" style=\"margin-top:var(--wp--preset--spacing--20);text-transform:uppercase\">Prioridades<\/p>\n\n\n\n<p class=\"has-text-align-center\">en materia<br>de sostenibilidad<\/p>\n<\/div>\n\n\n\n<div class=\"wp-block-buttons is-content-justification-center is-layout-flex wp-container-core-buttons-is-layout-8b9bbb05 wp-block-buttons-is-layout-flex\" style=\"margin-top:var(--wp--preset--spacing--15-30)\"><\/div>\n<\/div>\n\n\n\n<div class=\"wp-block-group is-vertical is-content-justification-center is-layout-flex wp-container-core-group-is-layout-6329a8f3 wp-block-group-is-layout-flex\">\n<div class=\"wp-block-group wp-container-content-9cfa9a5a has-global-padding is-layout-constrained wp-container-core-group-is-layout-c19476fc wp-block-group-is-layout-constrained\">\n<h2 class=\"wp-block-heading has-text-align-center has-statistic-font-size\" style=\"line-height:1\"><strong>100% <\/strong><\/h2>\n\n\n\n<p class=\"has-text-align-center has-lg-font-size\" style=\"margin-top:var(--wp--preset--spacing--20);text-transform:uppercase\"><strong>Cart\u00f3n<\/strong><\/p>\n\n\n\n<p class=\"has-text-align-center\">reciclado en 2023<\/p>\n<\/div>\n\n\n\n<div class=\"wp-block-buttons is-content-justification-center is-layout-flex wp-container-core-buttons-is-layout-8b9bbb05 wp-block-buttons-is-layout-flex\" style=\"margin-top:var(--wp--preset--spacing--15-30)\"><\/div>\n<\/div>\n<\/div>\n<div class='is-line-support is-line-support__topRightDown'><\/div><div class='is-line-support is-line-support__rightVerticalBottomFaded'><\/div><\/div><\/div>\n\n\n\n<div class=\"wp-block-basejump-flex-columns has-base-color has-text-color has-link-color bj-container2 has-global-padding is-layout-flexcolumns wp-elements-9e37ff6e48f19fbf895f9e4297647d84 is-layout-flex wp-container-basejump-flex-columns-is-layout-00df7385 wp-block-basejump-flex-columns-is-layout-flex\" style=\"margin-top:0;padding-top:0\">\n<div class=\"wp-block-group is-style-backdrop-blur has-background has-global-padding is-layout-constrained wp-container-core-group-is-layout-f83775a8 wp-block-group-is-layout-constrained\" style=\"border-radius:10px;background-color:#ffffff1a;padding-top:var(--wp--preset--spacing--25-50);padding-right:var(--wp--preset--spacing--25-50);padding-bottom:var(--wp--preset--spacing--25-50);padding-left:var(--wp--preset--spacing--25-50)\">\n<h4 class=\"wp-block-heading\" style=\"font-style:normal;font-weight:600\">Menos Impacto en el Medio Ambiente<\/h4>\n\n\n\n<p class=\"\">La soluci\u00f3n BLA de Shoals se instala sobre el suelo, lo que elimina la necesidad de abrir zanjas y reduce el impacto sobre el suelo, el agua, la flora y la fauna. Adem\u00e1s de proteger la biodiversidad en los emplazamientos de desarrollo fotovoltaico, estas ventajas se pueden disfrutar a lo largo de la vida del sistema al evitar la alteraci\u00f3n del suelo para tareas de mantenimiento.<\/p>\n<\/div>\n\n\n\n<div class=\"wp-block-group is-style-backdrop-blur has-background has-global-padding is-layout-constrained wp-container-core-group-is-layout-f83775a8 wp-block-group-is-layout-constrained\" style=\"border-radius:10px;background-color:#ffffff1a;padding-top:var(--wp--preset--spacing--25-50);padding-right:var(--wp--preset--spacing--25-50);padding-bottom:var(--wp--preset--spacing--25-50);padding-left:var(--wp--preset--spacing--25-50)\">\n<h4 class=\"wp-block-heading\" style=\"font-style:normal;font-weight:600\">Eficiencia Energ\u00e9tica Superior<\/h4>\n\n\n\n<p class=\"\">Las soluciones de Shoals minimizan la p\u00e9rdida de energ\u00eda con una resistencia el\u00e9ctrica reducida en nuestro<a href=\"https:\/\/shoals.com\/products\/homeruns-interconnection-and-extensions\/\"> <strong>arn\u00e9s de interconexi\u00f3n<\/strong><\/a> y<a href=\"https:\/\/shoals.com\/products\/big-lead-assembly-bla-trunk-bus\/\"> <strong>BLA<\/strong><\/a>. Optimizamos proyectos proporcionando una mayor producci\u00f3n de electricidad en comparaci\u00f3n con los sistemas convencionales.<\/p>\n<\/div>\n\n\n\n<div class=\"wp-block-group is-style-backdrop-blur has-background has-global-padding is-layout-constrained wp-container-core-group-is-layout-f83775a8 wp-block-group-is-layout-constrained\" style=\"border-radius:10px;background-color:#ffffff1a;padding-top:var(--wp--preset--spacing--25-50);padding-right:var(--wp--preset--spacing--25-50);padding-bottom:var(--wp--preset--spacing--25-50);padding-left:var(--wp--preset--spacing--25-50)\">\n<h4 class=\"wp-block-heading\" style=\"font-style:normal;font-weight:600\">Uso de Recursos Reducido<\/h4>\n\n\n\n<p class=\"\">El sistema BLA de Shoals optimiza el uso de materiales, reduciendo los tramos de cable en un 75&nbsp;% y las conexiones en un 18&nbsp;% en comparaci\u00f3n con los m\u00e9todos convencionales de fabricaci\u00f3n <em>in situ<\/em>. Gracias a la producci\u00f3n en f\u00e1brica y al reciclaje, logramos conservar el cobre, el aluminio y los pl\u00e1sticos, al mismo tiempo que reducimos los residuos totales.<\/p>\n<\/div>\n\n\n\n<div class=\"wp-block-group is-style-backdrop-blur has-background has-global-padding is-layout-constrained wp-container-core-group-is-layout-f83775a8 wp-block-group-is-layout-constrained\" style=\"border-radius:10px;background-color:#ffffff1a;padding-top:var(--wp--preset--spacing--25-50);padding-right:var(--wp--preset--spacing--25-50);padding-bottom:var(--wp--preset--spacing--25-50);padding-left:var(--wp--preset--spacing--25-50)\">\n<h4 class=\"wp-block-heading\" style=\"font-style:normal;font-weight:600\">Ciclo de Vida del Producto Prolongado<\/h4>\n\n\n\n<p class=\"\">Los productos de Shoals est\u00e1n fabricados para durar toda la vida \u00fatil del campo fotovoltaico. Nuestras coberturas resistentes a los rayos UV evitan fallos causados por la radiaci\u00f3n, y las cajas de conexiones de fibra de vidrio superan a las met\u00e1licas por su resistencia al \u00f3xido y la corrosi\u00f3n.<\/p>\n<\/div>\n<\/div>\n\n\n\n<div class=\"wp-block-columns is-layout-flex wp-container-core-columns-is-layout-5abfcf9b wp-block-columns-is-layout-flex\" style=\"margin-top:var(--wp--preset--spacing--75-150);margin-bottom:var(--wp--preset--spacing--75-150)\">\n<div class=\"wp-block-column is-vertically-aligned-center is-layout-flow wp-block-column-is-layout-flow\" style=\";flex-basis: var(--flex-basis);--flex-basis-mobile: 40%; --flex-basis-tablet: 40%; --flex-basis-desktop: 40%;\">\n<h2 class=\"wp-block-heading\">\u00bfTe Interesa Nuestro <strong>Programa de Sostenibilidad y ESG?<\/strong><\/h2>\n\n\n\n<p class=\"has-lg-font-size\">Las soluciones Plug&nbsp;&amp;&nbsp;Play de Shoals aceleran la transici\u00f3n energ\u00e9tica reduciendo costes, acelerando el despliegue de las instalaciones, contribuyendo a la reducci\u00f3n de la huella de carbono y optimizando el uso de los recursos, todo ello al mismo tiempo que apoyan a las comunidades locales y crean puestos de trabajo.<\/p>\n\n\n\n<div class=\"wp-block-buttons is-layout-flex wp-block-buttons-is-layout-flex\">\n<div class=\"wp-block-button is-style-outline is-style-outline--3\"><a class=\"wp-block-button__link wp-element-button\" href=\"\/es\/wp-content\/uploads\/sites\/4\/2024\/11\/Shoals_ESG_2023_Report_FINAL.pdf\" target=\"_blank\" rel=\"noreferrer noopener\"><span class=\"wp-block-button__label\">Descarga el informe ESG de 2023<\/span><\/a><\/div>\n<\/div>\n<\/div>\n\n\n\n<div class=\"wp-block-column is-layout-flow wp-block-column-is-layout-flow\" style=\";flex-basis: var(--flex-basis);--flex-basis-mobile: 60%; --flex-basis-tablet: 60%; --flex-basis-desktop: 60%;\">\n<figure class=\"wp-block-embed alignwide is-type-video is-provider-youtube wp-block-embed-youtube wp-embed-aspect-16-9 wp-has-aspect-ratio\"><div class=\"wp-block-embed__wrapper\">\n<iframe loading=\"lazy\" title=\"Shoals Way of Working- Sustainability\" width=\"500\" height=\"281\" src=\"https:\/\/www.youtube.com\/embed\/-nobgAVf2Rg?feature=oembed\" frameborder=\"0\" allow=\"accelerometer; autoplay; clipboard-write; encrypted-media; gyroscope; picture-in-picture; web-share\" referrerpolicy=\"strict-origin-when-cross-origin\" allowfullscreen><\/iframe>\n<\/div><\/figure>\n<\/div>\n<\/div>\n\n\n\n<div class=\"wp-block-group is-style-default has-background has-global-padding is-layout-constrained wp-container-core-group-is-layout-72f1fbdd wp-block-group-is-layout-constrained\" style=\"border-radius:10px;background-color:#ffffff1a;margin-top:var(--wp--preset--spacing--75-150);margin-bottom:var(--wp--preset--spacing--75-150);padding-top:var(--wp--preset--spacing--30-60);padding-right:var(--wp--preset--spacing--30-60);padding-bottom:var(--wp--preset--spacing--30-60);padding-left:var(--wp--preset--spacing--30-60)\">\n<div class=\"wp-block-group is-content-justification-space-between is-layout-flex wp-container-core-group-is-layout-9366075c wp-block-group-is-layout-flex\">\n<div class=\"wp-block-group wp-container-content-5f80b302 has-global-padding is-layout-constrained wp-block-group-is-layout-constrained\">\n<h3 class=\"wp-block-heading\" style=\"font-style:normal;font-weight:600\">\u00bfTodav\u00eda no has Le\u00eddo Nuestros Anteriores Informes ESG?<\/h3>\n\n\n\n<p class=\"\">Descarga los informes ESG de 2021 y 2022 aqu\u00ed.<\/p>\n<\/div>\n\n\n\n<div class=\"wp-block-buttons wp-container-content-69bc4bdf is-content-justification-right is-layout-flex wp-container-core-buttons-is-layout-d445cf74 wp-block-buttons-is-layout-flex\">\n<div class=\"wp-block-button is-style-outline is-style-outline--4\"><a class=\"wp-block-button__link wp-element-button\" href=\"\/es\/wp-content\/uploads\/sites\/4\/2024\/11\/Shoals_ESG_121422_FINAL.pdf\" target=\"_blank\" rel=\"noreferrer noopener\"><span class=\"wp-block-button__label\">Informe ESG de 2021<\/span><\/a><\/div>\n\n\n\n<div class=\"wp-block-button is-style-outline is-style-outline--5\"><a class=\"wp-block-button__link wp-element-button\" href=\"\/es\/wp-content\/uploads\/sites\/4\/2024\/11\/Shoals_2022-ESG-Report_Final.pdf\" target=\"_blank\" rel=\"noreferrer noopener\"><span class=\"wp-block-button__label\">Informe ESG de 2022<\/span><\/a><\/div>\n<\/div>\n<\/div>\n<\/div>\n","protected":false},"excerpt":{"rendered":"<p>Sostenibilidad y ESG Fundada en Alabama hace 29 a\u00f1os, Shoals ha pasado de ser un fabricante de piezas de automoci\u00f3n a convertirse en el mayor proveedor mundial de soluciones de equilibrio el\u00e9ctrico de sistemas (EBOS) para la industria fotovoltaica y de almacenamiento. Impulsamos la transici\u00f3n hacia energ\u00edas limpias con soluciones Plug&nbsp;&amp;&nbsp;Play patentadas que permiten reducir [&hellip;]<\/p>\n","protected":false},"author":1,"featured_media":0,"parent":437,"menu_order":0,"comment_status":"closed","ping_status":"closed","template":"","meta":{"_acf_changed":false,"_relevanssi_hide_post":"","_relevanssi_hide_content":"","_relevanssi_pin_for_all":"","_relevanssi_pin_keywords":"","_relevanssi_unpin_keywords":"","_relevanssi_related_keywords":"","_relevanssi_related_include_ids":"","_relevanssi_related_exclude_ids":"","_relevanssi_related_no_append":"","_relevanssi_related_not_related":"","_relevanssi_related_posts":"","_relevanssi_noindex_reason":"","inline_featured_image":false,"basejump_background":{"background":{"color":"#8628B2"},"blendMode":"hard-light"},"editor_notices":[],"footnotes":""},"class_list":["post-439","page","type-page","status-publish","hentry"],"acf":[],"yoast_head":"<!-- This site is optimized with the Yoast SEO Premium plugin v27.2 (Yoast SEO v27.2) - https:\/\/yoast.com\/product\/yoast-seo-premium-wordpress\/ -->\n<title>Sostenibilidad y soluciones de energ\u00eda limpia - Shoals Technologies Group\u2122<\/title>\n<meta name=\"description\" content=\"Descubre c\u00f3mo Shoals Technologies Group\u2122 prioriza la sostenibilidad, avanzando en soluciones de energ\u00eda limpia para reducir el impacto medioambiental y promover un futuro m\u00e1s ecol\u00f3gico.\" \/>\n<meta name=\"robots\" content=\"index, follow, max-snippet:-1, max-image-preview:large, max-video-preview:-1\" \/>\n<link rel=\"canonical\" href=\"https:\/\/shoals.com\/es\/impacto\/sostenibilidad\/\" \/>\n<meta property=\"og:locale\" content=\"es_ES\" \/>\n<meta property=\"og:type\" content=\"article\" \/>\n<meta property=\"og:title\" content=\"Sostenibilidad\" \/>\n<meta property=\"og:description\" content=\"Descubre c\u00f3mo Shoals Technologies Group\u2122 prioriza la sostenibilidad, avanzando en soluciones de energ\u00eda limpia para reducir el impacto medioambiental y promover un futuro m\u00e1s ecol\u00f3gico.\" \/>\n<meta property=\"og:url\" content=\"https:\/\/shoals.com\/es\/impacto\/sostenibilidad\/\" \/>\n<meta property=\"og:site_name\" content=\"Shoals Technologies Group\u2122\" \/>\n<meta property=\"article:modified_time\" content=\"2025-06-18T16:23:37+00:00\" \/>\n<meta name=\"twitter:card\" content=\"summary_large_image\" \/>\n<meta name=\"twitter:label1\" content=\"Est. reading time\" \/>\n\t<meta name=\"twitter:data1\" content=\"3 minutes\" \/>\n<script type=\"application\/ld+json\" class=\"yoast-schema-graph\">{\"@context\":\"https:\/\/schema.org\",\"@graph\":[{\"@type\":\"WebPage\",\"@id\":\"https:\/\/shoals.com\/es\/impacto\/sostenibilidad\/\",\"url\":\"https:\/\/shoals.com\/es\/impacto\/sostenibilidad\/\",\"name\":\"Sostenibilidad y soluciones de energ\u00eda limpia - Shoals Technologies Group\u2122\",\"isPartOf\":{\"@id\":\"https:\/\/shoals.com\/es\/#website\"},\"datePublished\":\"2024-07-29T19:52:23+00:00\",\"dateModified\":\"2025-06-18T16:23:37+00:00\",\"description\":\"Descubre c\u00f3mo Shoals Technologies Group\u2122 prioriza la sostenibilidad, avanzando en soluciones de energ\u00eda limpia para reducir el impacto medioambiental y promover un futuro m\u00e1s ecol\u00f3gico.\",\"breadcrumb\":{\"@id\":\"https:\/\/shoals.com\/es\/impacto\/sostenibilidad\/#breadcrumb\"},\"inLanguage\":\"es-ES\",\"potentialAction\":[{\"@type\":\"ReadAction\",\"target\":[\"https:\/\/shoals.com\/es\/impacto\/sostenibilidad\/\"]}]},{\"@type\":\"BreadcrumbList\",\"@id\":\"https:\/\/shoals.com\/es\/impacto\/sostenibilidad\/#breadcrumb\",\"itemListElement\":[{\"@type\":\"ListItem\",\"position\":1,\"name\":\"Inicio\",\"item\":\"https:\/\/shoals.com\/es\/\"},{\"@type\":\"ListItem\",\"position\":2,\"name\":\"Impacto\",\"item\":\"https:\/\/shoals.com\/es\/impacto\/\"},{\"@type\":\"ListItem\",\"position\":3,\"name\":\"Sostenibilidad\"}]},{\"@type\":\"WebSite\",\"@id\":\"https:\/\/shoals.com\/es\/#website\",\"url\":\"https:\/\/shoals.com\/es\/\",\"name\":\"Shoals Technologies Group\u2122\",\"description\":\"\",\"publisher\":{\"@id\":\"https:\/\/shoals.com\/es\/#organization\"},\"potentialAction\":[{\"@type\":\"SearchAction\",\"target\":{\"@type\":\"EntryPoint\",\"urlTemplate\":\"https:\/\/shoals.com\/es\/?s={search_term_string}\"},\"query-input\":{\"@type\":\"PropertyValueSpecification\",\"valueRequired\":true,\"valueName\":\"search_term_string\"}}],\"inLanguage\":\"es-ES\"},{\"@type\":\"Organization\",\"@id\":\"https:\/\/shoals.com\/es\/#organization\",\"name\":\"Shoals Technologies Group\u2122\",\"url\":\"https:\/\/shoals.com\/es\/\",\"logo\":{\"@type\":\"ImageObject\",\"inLanguage\":\"es-ES\",\"@id\":\"https:\/\/shoals.com\/es\/#\/schema\/logo\/image\/\",\"url\":\"https:\/\/shoals.com\/es\/wp-content\/uploads\/sites\/9\/2024\/07\/shoals-logo-48.png\",\"contentUrl\":\"https:\/\/shoals.com\/es\/wp-content\/uploads\/sites\/9\/2024\/07\/shoals-logo-48.png\",\"width\":596,\"height\":164,\"caption\":\"Shoals Technologies Group\u2122\"},\"image\":{\"@id\":\"https:\/\/shoals.com\/es\/#\/schema\/logo\/image\/\"}}]}<\/script>\n<!-- \/ Yoast SEO Premium plugin. -->","yoast_head_json":{"title":"Sostenibilidad y soluciones de energ\u00eda limpia - Shoals Technologies Group\u2122","description":"Descubre c\u00f3mo Shoals Technologies Group\u2122 prioriza la sostenibilidad, avanzando en soluciones de energ\u00eda limpia para reducir el impacto medioambiental y promover un futuro m\u00e1s ecol\u00f3gico.","robots":{"index":"index","follow":"follow","max-snippet":"max-snippet:-1","max-image-preview":"max-image-preview:large","max-video-preview":"max-video-preview:-1"},"canonical":"https:\/\/shoals.com\/es\/impacto\/sostenibilidad\/","og_locale":"es_ES","og_type":"article","og_title":"Sostenibilidad","og_description":"Descubre c\u00f3mo Shoals Technologies Group\u2122 prioriza la sostenibilidad, avanzando en soluciones de energ\u00eda limpia para reducir el impacto medioambiental y promover un futuro m\u00e1s ecol\u00f3gico.","og_url":"https:\/\/shoals.com\/es\/impacto\/sostenibilidad\/","og_site_name":"Shoals Technologies Group\u2122","article_modified_time":"2025-06-18T16:23:37+00:00","twitter_card":"summary_large_image","twitter_misc":{"Est. reading time":"3 minutes"},"schema":{"@context":"https:\/\/schema.org","@graph":[{"@type":"WebPage","@id":"https:\/\/shoals.com\/es\/impacto\/sostenibilidad\/","url":"https:\/\/shoals.com\/es\/impacto\/sostenibilidad\/","name":"Sostenibilidad y soluciones de energ\u00eda limpia - Shoals Technologies Group\u2122","isPartOf":{"@id":"https:\/\/shoals.com\/es\/#website"},"datePublished":"2024-07-29T19:52:23+00:00","dateModified":"2025-06-18T16:23:37+00:00","description":"Descubre c\u00f3mo Shoals Technologies Group\u2122 prioriza la sostenibilidad, avanzando en soluciones de energ\u00eda limpia para reducir el impacto medioambiental y promover un futuro m\u00e1s ecol\u00f3gico.","breadcrumb":{"@id":"https:\/\/shoals.com\/es\/impacto\/sostenibilidad\/#breadcrumb"},"inLanguage":"es-ES","potentialAction":[{"@type":"ReadAction","target":["https:\/\/shoals.com\/es\/impacto\/sostenibilidad\/"]}]},{"@type":"BreadcrumbList","@id":"https:\/\/shoals.com\/es\/impacto\/sostenibilidad\/#breadcrumb","itemListElement":[{"@type":"ListItem","position":1,"name":"Inicio","item":"https:\/\/shoals.com\/es\/"},{"@type":"ListItem","position":2,"name":"Impacto","item":"https:\/\/shoals.com\/es\/impacto\/"},{"@type":"ListItem","position":3,"name":"Sostenibilidad"}]},{"@type":"WebSite","@id":"https:\/\/shoals.com\/es\/#website","url":"https:\/\/shoals.com\/es\/","name":"Shoals Technologies Group\u2122","description":"","publisher":{"@id":"https:\/\/shoals.com\/es\/#organization"},"potentialAction":[{"@type":"SearchAction","target":{"@type":"EntryPoint","urlTemplate":"https:\/\/shoals.com\/es\/?s={search_term_string}"},"query-input":{"@type":"PropertyValueSpecification","valueRequired":true,"valueName":"search_term_string"}}],"inLanguage":"es-ES"},{"@type":"Organization","@id":"https:\/\/shoals.com\/es\/#organization","name":"Shoals Technologies Group\u2122","url":"https:\/\/shoals.com\/es\/","logo":{"@type":"ImageObject","inLanguage":"es-ES","@id":"https:\/\/shoals.com\/es\/#\/schema\/logo\/image\/","url":"https:\/\/shoals.com\/es\/wp-content\/uploads\/sites\/9\/2024\/07\/shoals-logo-48.png","contentUrl":"https:\/\/shoals.com\/es\/wp-content\/uploads\/sites\/9\/2024\/07\/shoals-logo-48.png","width":596,"height":164,"caption":"Shoals Technologies Group\u2122"},"image":{"@id":"https:\/\/shoals.com\/es\/#\/schema\/logo\/image\/"}}]}},"_links":{"self":[{"href":"https:\/\/shoals.com\/es\/wp-json\/wp\/v2\/pages\/439","targetHints":{"allow":["GET"]}}],"collection":[{"href":"https:\/\/shoals.com\/es\/wp-json\/wp\/v2\/pages"}],"about":[{"href":"https:\/\/shoals.com\/es\/wp-json\/wp\/v2\/types\/page"}],"author":[{"embeddable":true,"href":"https:\/\/shoals.com\/es\/wp-json\/wp\/v2\/users\/1"}],"replies":[{"embeddable":true,"href":"https:\/\/shoals.com\/es\/wp-json\/wp\/v2\/comments?post=439"}],"version-history":[{"count":53,"href":"https:\/\/shoals.com\/es\/wp-json\/wp\/v2\/pages\/439\/revisions"}],"predecessor-version":[{"id":5772,"href":"https:\/\/shoals.com\/es\/wp-json\/wp\/v2\/pages\/439\/revisions\/5772"}],"up":[{"embeddable":true,"href":"https:\/\/shoals.com\/es\/wp-json\/wp\/v2\/pages\/437"}],"wp:attachment":[{"href":"https:\/\/shoals.com\/es\/wp-json\/wp\/v2\/media?parent=439"}],"curies":[{"name":"wp","href":"https:\/\/api.w.org\/{rel}","templated":true}]}}