{"id":4461,"date":"2024-12-11T16:11:40","date_gmt":"2024-12-11T16:11:40","guid":{"rendered":"https:\/\/shoals-staging.planitstage.com\/?post_type=product&#038;p=4461"},"modified":"2025-06-09T22:39:07","modified_gmt":"2025-06-09T22:39:07","slug":"mini-bla","status":"publish","type":"product","link":"https:\/\/shoals.com\/es\/productos\/big-lead-assembly-bla-trunk-bus\/mini-bla\/","title":{"rendered":"mini BLA"},"content":{"rendered":"\n<div class=\"wp-block-group has-global-padding is-layout-constrained wp-block-group-is-layout-constrained\" style=\"margin-top:var(--wp--preset--spacing--60-90)\">\n<div class=\"wp-block-columns is-layout-flex wp-container-core-columns-is-layout-b31c2b23 wp-block-columns-is-layout-flex\">\n<div style=\"flex-basis: var(--flex-basis);\" class=\"wp-block-column is-vertically-aligned-center is-layout-flow wp-block-column-is-layout-flow\">\n<div class=\"wp-block-group has-base-background-color has-background has-global-padding is-layout-constrained wp-block-group-is-layout-constrained\" style=\"border-radius:10px\">\n<figure class=\"wp-block-image size-large has-custom-border\"><img loading=\"lazy\" decoding=\"async\" width=\"1024\" height=\"683\" src=\"https:\/\/shoals.com\/en\/wp-content\/uploads\/sites\/4\/2024\/12\/miniBLA-2-1024x683.png\" alt=\"\" class=\"wp-image-4477\" style=\"border-radius:10px\" srcset=\"https:\/\/shoals.com\/es\/wp-content\/uploads\/sites\/9\/2024\/12\/miniBLA-2-1024x683.png 1024w, https:\/\/shoals.com\/es\/wp-content\/uploads\/sites\/9\/2024\/12\/miniBLA-2-300x200.png 300w, https:\/\/shoals.com\/es\/wp-content\/uploads\/sites\/9\/2024\/12\/miniBLA-2-768x512.png 768w, https:\/\/shoals.com\/es\/wp-content\/uploads\/sites\/9\/2024\/12\/miniBLA-2-1536x1024.png 1536w, https:\/\/shoals.com\/es\/wp-content\/uploads\/sites\/9\/2024\/12\/miniBLA-2-2048x1365.png 2048w\" sizes=\"auto, (max-width: 1024px) 100vw, 1024px\" \/><\/figure>\n<\/div>\n<\/div>\n\n\n\n<div style=\"flex-basis: var(--flex-basis);\" class=\"wp-block-column is-vertically-aligned-center is-layout-flow wp-container-core-column-is-layout-f5bb311e wp-block-column-is-layout-flow\">\n<div class=\"wp-block-columns is-layout-flex wp-container-core-columns-is-layout-28f84493 wp-block-columns-is-layout-flex\">\n<div class=\"wp-block-column is-vertically-aligned-center is-layout-flow wp-block-column-is-layout-flow\" style=\";flex-basis: var(--flex-basis);--flex-basis-mobile: 2500px; --flex-basis-tablet: 2500px; --flex-basis-desktop: 2500px;\"><h1 class=\"has-link-color wp-elements-d3be344fd861017e19736762e864d3f7 wp-block-post-title has-text-color has-base-color has-h-2-font-size\">mini BLA<\/h1><\/div>\n<\/div>\n\n\n\n<p class=\"\">Shoals tiene el placer de presentar el producto m\u00e1s reciente de nuestra cartera de EBOS: Mini BLA. Se trata de un sistema para aplicaciones Norte-Sur que permite un acceso sin obst\u00e1culos entre las hileras de m\u00f3dulos fotovoltaicos. Esta soluci\u00f3n, ideal para el mantenimiento de proyectos y la agrivoltaica, suministra energ\u00eda fiable para configuraciones de seguidores apilados a lo largo de grandes distancias. Si quieres obtener m\u00e1s informaci\u00f3n, descarga el folleto del producto.<\/p>\n\n\n\n<div class=\"wp-block-group is-layout-flex wp-block-group-is-layout-flex\"><div class='wp-block-button align is-style-outline wp-block-basejump-modal-button' data-wp-interactive='basejump-core\/dialog'><button data-wp-on--click--open='actions.openModal' class='wp-block-button__link wp-element-button' data-wp-context='{\"modalId\":\"basejump-modal-2a714eda-3001-4581-921b-3be27e794d0a\",\"openType\":\"modal\"}'>Ponte en contacto con nosotros<\/button><\/div>\n\n\n<dialog class='!mx-auto open:flex open:flex-col opacity-0 top-[100px] open:opacity-100 open:top-0 transition-all duration-300 backdrop:bg-black backdrop:opacity-50 px-[15px] lg:px-[30px] z-50 border-none w-[1024px] max-w-full bg-transparent overflow-hidden !my-auto wp-block-basejump-core-modal' id='basejump-modal-2a714eda-3001-4581-921b-3be27e794d0a' data-wp-interactive='basejump-core\/dialog' data-wp-context='{&quot;modalId&quot;:&quot;basejump-modal-2a714eda-3001-4581-921b-3be27e794d0a&quot;}' data-wp-on--click='actions.onBlur'>\n    <div class=\"flex justify-end pb-[10px]\">\n        <button class=\"appearance-none bg-transparent text-base border-0 cursor-pointer px-0 text-secondary w-[50px] h-[50px]\" data-wp-on--click=\"actions.closeModal\" aria-label=\"Cerrar di\u00e1logo\">\n            <svg class=\"svg-icon\" style=\"width: 100%; height: 100%;\" aria-hidden=\"true\" role=\"img\" focusable=\"false\" xmlns=\"http:\/\/www.w3.org\/2000\/svg\" version=\"1.1\" viewBox=\"0 0 50 50\"> <path class=\"cls-1\" d=\"M49.5,25c0,13.5-11,24.5-24.5,24.5S.5,38.5.5,25,11.5.5,25,.5s24.5,11,24.5,24.5Z\" fill=\"currentColor\" fill-opacity=\"0.5\" stroke=\"white\"\/> <rect class=\"cls-2\" x=\"14.5\" y=\"24\" width=\"21\" height=\"3\" transform=\"translate(-10.7 25.1) rotate(-45)\" fill=\"white\"\/> <rect class=\"cls-2\" x=\"23.5\" y=\"15\" width=\"3\" height=\"21\" transform=\"translate(-10.7 25.1) rotate(-45)\" fill=\"white\"\/> <\/svg>        <\/button>\n    <\/div>\n    <div class=\"overflow-auto rounded-[10px]\">\n        <div class=\"bg-base\">\n            \n\n<div class=\"wp-block-group has-base-color has-tertiary-background-color has-text-color has-background has-link-color wp-elements-9fb2ed05efda3fa17ce9289f7753b3c5 has-global-padding is-layout-constrained wp-container-core-group-is-layout-e7f5c1b0 wp-block-group-is-layout-constrained\" style=\"margin-top:0;margin-bottom:0;padding-top:var(--wp--preset--spacing--15-30);padding-right:0;padding-bottom:0;padding-left:0\">\n<iframe loading=\"lazy\" title=\"Ponte en contacto con nosotros\" src=\"https:\/\/go.shoals.com\/l\/1038323\/2025-06-12\/g3w7b\" width=\"100%\" height=\"500\" type=\"text\/html\" frameborder=\"0\" allowTransparency=\"true\" style=\"border: 0\"><\/iframe>\n<\/div>\n\n        <\/div>\n    <\/div>\n<\/dialog>\n\n\n<div class=\"wp-block-buttons is-layout-flex wp-block-buttons-is-layout-flex\">\n<div class=\"wp-block-button is-style-download\"><a class=\"wp-block-button__link wp-element-button\" href=\"https:\/\/shoals.com\/es\/wp-content\/uploads\/sites\/9\/2025\/06\/STG.miniBLA-IEC_Data-Sheet_A_ES_rev.pdf\" target=\"_blank\" rel=\"noreferrer noopener\"><span class=\"wp-block-button__label\">Ficha t\u00e9cnica<\/span><\/a><\/div>\n<\/div>\n<\/div>\n<\/div>\n<\/div>\n<\/div>\n\n\n\n<div class=\"wp-block-group z-10 has-base-color has-text-color has-link-color wp-elements-9fe86aab258eba58612c790b1e96c63f has-global-padding is-layout-constrained wp-block-group-is-layout-constrained\" style=\"margin-top:0;margin-bottom:0\">\n<div class=\"wp-block-columns is-layout-flex wp-container-core-columns-is-layout-92ae7496 wp-block-columns-is-layout-flex\" style=\"padding-right:var(--wp--preset--spacing--0-30);padding-left:0\">\n<div class=\"wp-block-column is-layout-flow wp-block-column-is-layout-flow\" style=\";flex-basis: var(--flex-basis);--flex-basis-mobile: 50%; --flex-basis-tablet: 25%; --flex-basis-desktop: 25%;\"><\/div>\n\n\n\n<div class=\"wp-block-column is-layout-flow wp-block-column-is-layout-flow\" style=\";flex-basis: var(--flex-basis);--flex-basis-mobile: 50%; --flex-basis-tablet: 75%; --flex-basis-desktop: 75%;\">\n<div class=\"wp-block-group has-global-padding is-layout-constrained wp-block-group-is-layout-constrained\">\n<div class=\"wp-block-group is-style-default has-global-padding is-layout-constrained wp-block-group-is-layout-constrained\">\n<div class=\"wp-block-group has-global-padding is-layout-constrained wp-container-core-group-is-layout-10222c2e wp-block-group-is-layout-constrained\" style=\"padding-top:var(--wp--preset--spacing--75-100);padding-right:var(--wp--preset--spacing--25-50);padding-bottom:var(--wp--preset--spacing--25-50);padding-left:var(--wp--preset--spacing--25-50)\"><\/div>\n<div class='is-line-support is-line-support__bottomHorizontal'><\/div><div class='is-line-support is-line-support__bottomLeftUp'><\/div><div class='is-line-support is-line-support__leftVerticalTopFaded'><\/div><\/div><\/div>\n<\/div>\n<\/div>\n\n\n\n<div class=\"wp-block-group has-global-padding is-layout-constrained wp-container-core-group-is-layout-432ca315 wp-block-group-is-layout-constrained\" style=\"margin-top:0;margin-bottom:0;padding-right:var(--wp--preset--spacing--0-30);padding-left:0\">\n<div class=\"wp-block-group has-global-padding is-layout-constrained wp-container-core-group-is-layout-4f31630e wp-block-group-is-layout-constrained\" style=\"margin-top:0;margin-bottom:0;padding-top:var(--wp--preset--spacing--30-60);padding-right:var(--wp--preset--spacing--25-50);padding-bottom:var(--wp--preset--spacing--75-150);padding-left:var(--wp--preset--spacing--25-50)\">\n<div class=\"wp-block-group has-global-padding is-layout-constrained wp-block-group-is-layout-constrained\" style=\"margin-top:0;margin-bottom:0\"><\/div>\n<div class='is-line-support is-line-support__topRightDown'><\/div><div class='is-line-support is-line-support__rightVerticalBottomFaded'><\/div><\/div><\/div>\n<\/div>\n\n\n\n<div class='align wp-block-basejump-post-teaser'>\n    \n<div class=\"w-full grid md:grid-cols-[3fr_2fr] gap-8\">\n    <div class=\"w-full aspect-[16\/9] rounded-[10px] overflow-hidden\">\n        <a href=\"https:\/\/shoals.com\/es\/impacto\/proyectos\/volkswagen-chattanooga\/\"><img decoding=\"async\" src=\"https:\/\/shoals.com\/es\/wp-content\/uploads\/sites\/9\/2024\/08\/Social-Circle-30MW-1024x683.jpg\" alt=\"Volkswagen Chattanooga\" class=\"block w-full !h-full object-cover\" \/><\/a>\n    <\/div>\n    <div class=\"grid items-center\">\n        <div class=\"grid gap-5\">\n                        <div>\n                <a class=\"decoration-white no-underline hover:underline\" href=\"https:\/\/shoals.com\/es\/impacto\/proyectos\/volkswagen-chattanooga\/\"><h2 class=\"font-extrabold text-white mb-0 \">Volkswagen Chattanooga<\/h2><\/a>\n                                    <p class=\"heading-3 text-white font-light mb-0\">Chattanooga, Tennessee<\/p>\n                            <\/div>\n                            <div>\n                    <p class=\"text-white\">Este proyecto fotovoltaico de 8 MW CA se construy\u00f3 en 2012 y suministra 13,5 GWh anuales a la planta de fabricaci\u00f3n y montaje de Volkswagen en Chattanooga. Volkswagen seleccion\u00f3 a Silicon Ranch como socio solar bas\u00e1ndose en su historial probado de transacciones complejas finalizadas satisfactoriamente, as\u00ed como en su capacidad para reunir a la Tennessee Valley Authority, la Electric Power Board of Chattanooga y los funcionarios del gobierno local para acordar un enfoque \u00fanico orientado a sus objetivos de sostenibilidad. La energ\u00eda solar es el componente m\u00e1s visible de la estrategia energ\u00e9tica y de reducci\u00f3n del carbono de Volkswagen.<\/p>\n                <\/div>\n                        <div>\n                <div class=\"wp-block-button is-style-outline\">\n                    <a class=\"wp-block-button__link wp-element-button !text-white\" href=\"https:\/\/shoals.com\/es\/impacto\/proyectos\/volkswagen-chattanooga\/\">\n                        <span class=\"wp-block-button__label\">\n                        Ver <span class=\"sr-only\">Volkswagen Chattanooga<\/span> proyecto                        <\/span>\n                    <\/a>\n                <\/div>\n            <\/div>\n        <\/div>\n    <\/div>\n<\/div><\/div>\n\n","protected":false},"excerpt":{"rendered":"<p>Shoals tiene el placer de presentar el producto m\u00e1s reciente de nuestra cartera de EBOS: Mini BLA. Se trata de un sistema para aplicaciones Norte-Sur que permite un acceso sin obst\u00e1culos entre las hileras de m\u00f3dulos fotovoltaicos. Esta soluci\u00f3n, ideal para el mantenimiento de proyectos y la agrivoltaica, suministra energ\u00eda fiable para configuraciones de seguidores [&hellip;]<\/p>\n","protected":false},"featured_media":4524,"template":"","meta":{"_acf_changed":false,"_relevanssi_hide_post":"","_relevanssi_hide_content":"","_relevanssi_pin_for_all":"","_relevanssi_pin_keywords":"","_relevanssi_unpin_keywords":"","_relevanssi_related_keywords":"","_relevanssi_related_include_ids":"","_relevanssi_related_exclude_ids":"","_relevanssi_related_no_append":"","_relevanssi_related_not_related":"","_relevanssi_related_posts":"5219,2526,2906","_relevanssi_noindex_reason":"","inline_featured_image":false,"basejump_background":{"background":{"gradient":"hero-gradient"}},"editor_notices":[],"footnotes":""},"product-type":[25],"class_list":["post-4461","product","type-product","status-publish","has-post-thumbnail","hentry","product-type-big-lead-assembly-bla-trunk-bus"],"acf":[],"yoast_head":"<!-- This site is optimized with the Yoast SEO Premium plugin v27.2 (Yoast SEO v27.2) - https:\/\/yoast.com\/product\/yoast-seo-premium-wordpress\/ -->\n<title>mini BLA - Shoals Technologies Group\u2122<\/title>\n<meta name=\"robots\" content=\"index, follow, max-snippet:-1, max-image-preview:large, max-video-preview:-1\" \/>\n<link rel=\"canonical\" href=\"https:\/\/shoals.com\/es\/productos\/big-lead-assembly-bla-trunk-bus\/mini-bla\/\" \/>\n<meta property=\"og:locale\" content=\"es_ES\" \/>\n<meta property=\"og:type\" content=\"article\" \/>\n<meta property=\"og:title\" content=\"mini BLA\" \/>\n<meta property=\"og:description\" content=\"Shoals tiene el placer de presentar el producto m\u00e1s reciente de nuestra cartera de EBOS: Mini BLA. Se trata de un sistema para aplicaciones Norte-Sur que permite un acceso sin obst\u00e1culos entre las hileras de m\u00f3dulos fotovoltaicos. Esta soluci\u00f3n, ideal para el mantenimiento de proyectos y la agrivoltaica, suministra energ\u00eda fiable para configuraciones de seguidores [&hellip;]\" \/>\n<meta property=\"og:url\" content=\"https:\/\/shoals.com\/es\/productos\/big-lead-assembly-bla-trunk-bus\/mini-bla\/\" \/>\n<meta property=\"og:site_name\" content=\"Shoals Technologies Group\u2122\" \/>\n<meta property=\"article:modified_time\" content=\"2025-06-09T22:39:07+00:00\" \/>\n<meta property=\"og:image\" content=\"https:\/\/shoals.com\/es\/wp-content\/uploads\/sites\/9\/2024\/12\/miniBLA-icon-white.png\" \/>\n\t<meta property=\"og:image:width\" content=\"1672\" \/>\n\t<meta property=\"og:image:height\" content=\"1620\" \/>\n\t<meta property=\"og:image:type\" content=\"image\/png\" \/>\n<meta name=\"twitter:card\" content=\"summary_large_image\" \/>\n<meta name=\"twitter:label1\" content=\"Est. reading time\" \/>\n\t<meta name=\"twitter:data1\" content=\"2 minutes\" \/>\n<script type=\"application\/ld+json\" class=\"yoast-schema-graph\">{\"@context\":\"https:\/\/schema.org\",\"@graph\":[{\"@type\":\"WebPage\",\"@id\":\"https:\/\/shoals.com\/es\/productos\/big-lead-assembly-bla-trunk-bus\/mini-bla\/\",\"url\":\"https:\/\/shoals.com\/es\/productos\/big-lead-assembly-bla-trunk-bus\/mini-bla\/\",\"name\":\"mini BLA - Shoals Technologies Group\u2122\",\"isPartOf\":{\"@id\":\"https:\/\/shoals.com\/es\/#website\"},\"primaryImageOfPage\":{\"@id\":\"https:\/\/shoals.com\/es\/productos\/big-lead-assembly-bla-trunk-bus\/mini-bla\/#primaryimage\"},\"image\":{\"@id\":\"https:\/\/shoals.com\/es\/productos\/big-lead-assembly-bla-trunk-bus\/mini-bla\/#primaryimage\"},\"thumbnailUrl\":\"https:\/\/shoals.com\/es\/wp-content\/uploads\/sites\/9\/2024\/12\/miniBLA-icon-white.png\",\"datePublished\":\"2024-12-11T16:11:40+00:00\",\"dateModified\":\"2025-06-09T22:39:07+00:00\",\"breadcrumb\":{\"@id\":\"https:\/\/shoals.com\/es\/productos\/big-lead-assembly-bla-trunk-bus\/mini-bla\/#breadcrumb\"},\"inLanguage\":\"es-ES\",\"potentialAction\":[{\"@type\":\"ReadAction\",\"target\":[\"https:\/\/shoals.com\/es\/productos\/big-lead-assembly-bla-trunk-bus\/mini-bla\/\"]}]},{\"@type\":\"ImageObject\",\"inLanguage\":\"es-ES\",\"@id\":\"https:\/\/shoals.com\/es\/productos\/big-lead-assembly-bla-trunk-bus\/mini-bla\/#primaryimage\",\"url\":\"https:\/\/shoals.com\/es\/wp-content\/uploads\/sites\/9\/2024\/12\/miniBLA-icon-white.png\",\"contentUrl\":\"https:\/\/shoals.com\/es\/wp-content\/uploads\/sites\/9\/2024\/12\/miniBLA-icon-white.png\",\"width\":1672,\"height\":1620},{\"@type\":\"BreadcrumbList\",\"@id\":\"https:\/\/shoals.com\/es\/productos\/big-lead-assembly-bla-trunk-bus\/mini-bla\/#breadcrumb\",\"itemListElement\":[{\"@type\":\"ListItem\",\"position\":1,\"name\":\"Inicio\",\"item\":\"https:\/\/shoals.com\/es\/\"},{\"@type\":\"ListItem\",\"position\":2,\"name\":\"Productos\",\"item\":\"https:\/\/shoals.com\/es\/productos\/\"},{\"@type\":\"ListItem\",\"position\":3,\"name\":\"Soluciones solares Big Lead Assembly\",\"item\":\"https:\/\/shoals.com\/es\/productos\/solar-big-lead-assembly\/\"},{\"@type\":\"ListItem\",\"position\":4,\"name\":\"Bus troncal Big Lead Assembly (BLA)\",\"item\":\"https:\/\/shoals.com\/es\/productos\/big-lead-assembly-bla-trunk-bus\/\"},{\"@type\":\"ListItem\",\"position\":5,\"name\":\"mini BLA\"}]},{\"@type\":\"WebSite\",\"@id\":\"https:\/\/shoals.com\/es\/#website\",\"url\":\"https:\/\/shoals.com\/es\/\",\"name\":\"Shoals Technologies Group\u2122\",\"description\":\"\",\"publisher\":{\"@id\":\"https:\/\/shoals.com\/es\/#organization\"},\"potentialAction\":[{\"@type\":\"SearchAction\",\"target\":{\"@type\":\"EntryPoint\",\"urlTemplate\":\"https:\/\/shoals.com\/es\/?s={search_term_string}\"},\"query-input\":{\"@type\":\"PropertyValueSpecification\",\"valueRequired\":true,\"valueName\":\"search_term_string\"}}],\"inLanguage\":\"es-ES\"},{\"@type\":\"Organization\",\"@id\":\"https:\/\/shoals.com\/es\/#organization\",\"name\":\"Shoals Technologies Group\u2122\",\"url\":\"https:\/\/shoals.com\/es\/\",\"logo\":{\"@type\":\"ImageObject\",\"inLanguage\":\"es-ES\",\"@id\":\"https:\/\/shoals.com\/es\/#\/schema\/logo\/image\/\",\"url\":\"https:\/\/shoals.com\/es\/wp-content\/uploads\/sites\/9\/2024\/07\/shoals-logo-48.png\",\"contentUrl\":\"https:\/\/shoals.com\/es\/wp-content\/uploads\/sites\/9\/2024\/07\/shoals-logo-48.png\",\"width\":596,\"height\":164,\"caption\":\"Shoals Technologies Group\u2122\"},\"image\":{\"@id\":\"https:\/\/shoals.com\/es\/#\/schema\/logo\/image\/\"}}]}<\/script>\n<!-- \/ Yoast SEO Premium plugin. -->","yoast_head_json":{"title":"mini BLA - Shoals Technologies Group\u2122","robots":{"index":"index","follow":"follow","max-snippet":"max-snippet:-1","max-image-preview":"max-image-preview:large","max-video-preview":"max-video-preview:-1"},"canonical":"https:\/\/shoals.com\/es\/productos\/big-lead-assembly-bla-trunk-bus\/mini-bla\/","og_locale":"es_ES","og_type":"article","og_title":"mini BLA","og_description":"Shoals tiene el placer de presentar el producto m\u00e1s reciente de nuestra cartera de EBOS: Mini BLA. Se trata de un sistema para aplicaciones Norte-Sur que permite un acceso sin obst\u00e1culos entre las hileras de m\u00f3dulos fotovoltaicos. Esta soluci\u00f3n, ideal para el mantenimiento de proyectos y la agrivoltaica, suministra energ\u00eda fiable para configuraciones de seguidores [&hellip;]","og_url":"https:\/\/shoals.com\/es\/productos\/big-lead-assembly-bla-trunk-bus\/mini-bla\/","og_site_name":"Shoals Technologies Group\u2122","article_modified_time":"2025-06-09T22:39:07+00:00","og_image":[{"width":1672,"height":1620,"url":"https:\/\/shoals.com\/es\/wp-content\/uploads\/sites\/9\/2024\/12\/miniBLA-icon-white.png","type":"image\/png"}],"twitter_card":"summary_large_image","twitter_misc":{"Est. reading time":"2 minutes"},"schema":{"@context":"https:\/\/schema.org","@graph":[{"@type":"WebPage","@id":"https:\/\/shoals.com\/es\/productos\/big-lead-assembly-bla-trunk-bus\/mini-bla\/","url":"https:\/\/shoals.com\/es\/productos\/big-lead-assembly-bla-trunk-bus\/mini-bla\/","name":"mini BLA - Shoals Technologies Group\u2122","isPartOf":{"@id":"https:\/\/shoals.com\/es\/#website"},"primaryImageOfPage":{"@id":"https:\/\/shoals.com\/es\/productos\/big-lead-assembly-bla-trunk-bus\/mini-bla\/#primaryimage"},"image":{"@id":"https:\/\/shoals.com\/es\/productos\/big-lead-assembly-bla-trunk-bus\/mini-bla\/#primaryimage"},"thumbnailUrl":"https:\/\/shoals.com\/es\/wp-content\/uploads\/sites\/9\/2024\/12\/miniBLA-icon-white.png","datePublished":"2024-12-11T16:11:40+00:00","dateModified":"2025-06-09T22:39:07+00:00","breadcrumb":{"@id":"https:\/\/shoals.com\/es\/productos\/big-lead-assembly-bla-trunk-bus\/mini-bla\/#breadcrumb"},"inLanguage":"es-ES","potentialAction":[{"@type":"ReadAction","target":["https:\/\/shoals.com\/es\/productos\/big-lead-assembly-bla-trunk-bus\/mini-bla\/"]}]},{"@type":"ImageObject","inLanguage":"es-ES","@id":"https:\/\/shoals.com\/es\/productos\/big-lead-assembly-bla-trunk-bus\/mini-bla\/#primaryimage","url":"https:\/\/shoals.com\/es\/wp-content\/uploads\/sites\/9\/2024\/12\/miniBLA-icon-white.png","contentUrl":"https:\/\/shoals.com\/es\/wp-content\/uploads\/sites\/9\/2024\/12\/miniBLA-icon-white.png","width":1672,"height":1620},{"@type":"BreadcrumbList","@id":"https:\/\/shoals.com\/es\/productos\/big-lead-assembly-bla-trunk-bus\/mini-bla\/#breadcrumb","itemListElement":[{"@type":"ListItem","position":1,"name":"Inicio","item":"https:\/\/shoals.com\/es\/"},{"@type":"ListItem","position":2,"name":"Productos","item":"https:\/\/shoals.com\/es\/productos\/"},{"@type":"ListItem","position":3,"name":"Soluciones solares Big Lead Assembly","item":"https:\/\/shoals.com\/es\/productos\/solar-big-lead-assembly\/"},{"@type":"ListItem","position":4,"name":"Bus troncal Big Lead Assembly (BLA)","item":"https:\/\/shoals.com\/es\/productos\/big-lead-assembly-bla-trunk-bus\/"},{"@type":"ListItem","position":5,"name":"mini BLA"}]},{"@type":"WebSite","@id":"https:\/\/shoals.com\/es\/#website","url":"https:\/\/shoals.com\/es\/","name":"Shoals Technologies Group\u2122","description":"","publisher":{"@id":"https:\/\/shoals.com\/es\/#organization"},"potentialAction":[{"@type":"SearchAction","target":{"@type":"EntryPoint","urlTemplate":"https:\/\/shoals.com\/es\/?s={search_term_string}"},"query-input":{"@type":"PropertyValueSpecification","valueRequired":true,"valueName":"search_term_string"}}],"inLanguage":"es-ES"},{"@type":"Organization","@id":"https:\/\/shoals.com\/es\/#organization","name":"Shoals Technologies Group\u2122","url":"https:\/\/shoals.com\/es\/","logo":{"@type":"ImageObject","inLanguage":"es-ES","@id":"https:\/\/shoals.com\/es\/#\/schema\/logo\/image\/","url":"https:\/\/shoals.com\/es\/wp-content\/uploads\/sites\/9\/2024\/07\/shoals-logo-48.png","contentUrl":"https:\/\/shoals.com\/es\/wp-content\/uploads\/sites\/9\/2024\/07\/shoals-logo-48.png","width":596,"height":164,"caption":"Shoals Technologies Group\u2122"},"image":{"@id":"https:\/\/shoals.com\/es\/#\/schema\/logo\/image\/"}}]}},"_links":{"self":[{"href":"https:\/\/shoals.com\/es\/wp-json\/wp\/v2\/product\/4461","targetHints":{"allow":["GET"]}}],"collection":[{"href":"https:\/\/shoals.com\/es\/wp-json\/wp\/v2\/product"}],"about":[{"href":"https:\/\/shoals.com\/es\/wp-json\/wp\/v2\/types\/product"}],"version-history":[{"count":16,"href":"https:\/\/shoals.com\/es\/wp-json\/wp\/v2\/product\/4461\/revisions"}],"predecessor-version":[{"id":5427,"href":"https:\/\/shoals.com\/es\/wp-json\/wp\/v2\/product\/4461\/revisions\/5427"}],"wp:featuredmedia":[{"embeddable":true,"href":"https:\/\/shoals.com\/es\/wp-json\/wp\/v2\/media\/4524"}],"wp:attachment":[{"href":"https:\/\/shoals.com\/es\/wp-json\/wp\/v2\/media?parent=4461"}],"wp:term":[{"taxonomy":"product-type","embeddable":true,"href":"https:\/\/shoals.com\/es\/wp-json\/wp\/v2\/product-type?post=4461"}],"curies":[{"name":"wp","href":"https:\/\/api.w.org\/{rel}","templated":true}]}}